{"id":40,"date":"2023-02-06T21:28:59","date_gmt":"2023-02-06T20:28:59","guid":{"rendered":"http:\/\/hermath.be\/?page_id=40"},"modified":"2023-02-09T21:02:51","modified_gmt":"2023-02-09T20:02:51","slug":"reception-chaudiere","status":"publish","type":"page","link":"https:\/\/hermath.be\/?page_id=40","title":{"rendered":"R\u00e9ception chaudi\u00e8re"},"content":{"rendered":"\n<p>En r\u00e9gion bruxelloise, toute nouvelle chaudi\u00e8re doit faire l&#8217;objet d&#8217;une <strong>r\u00e9ception PEB<\/strong> (souvent appel\u00e9e <strong>PEB chauffage<\/strong>) par un conseiller chauffage PEB de type 1 ou 2.<\/p>\n\n\n\n<p>En r\u00e9gion wallonne, la r\u00e9ception des g\u00e9n\u00e9rateurs de chaleur est r\u00e9alis\u00e9e par un technicien agr\u00e9\u00e9 GI (gaz type 1), GII (gaz type 2) ou L (mazout).<\/p>\n\n\n\n<p>Les syst\u00e8mes de chauffage de type 1 sont comprennent une seule chaudi\u00e8re de maximum 100 kW. Les autres syst\u00e8mes sont de type 2.<\/p>\n\n\n\n<p>Hermath est votre sp\u00e9cialiste en r\u00e9ception PEB des syst\u00e8mes de chauffage de type 1 en r\u00e9gion Bruxelloise et type 1 et 2 pour le gaz en r\u00e9gion wallonne. Faites confiance \u00e0 notre expertise !<\/p>\n\n\n\n<p><\/p>\n","protected":false},"excerpt":{"rendered":"<p>En r\u00e9gion bruxelloise, toute nouvelle chaudi\u00e8re doit faire l&#8217;objet d&#8217;une r\u00e9ception PEB (souvent appel\u00e9e PEB chauffage) par un conseiller chauffage PEB de type 1 ou 2. En r\u00e9gion wallonne, la r\u00e9ception des g\u00e9n\u00e9rateurs de chaleur est r\u00e9alis\u00e9e par un technicien agr\u00e9\u00e9 GI (gaz type 1), GII (gaz type 2) ou L (mazout). Les syst\u00e8mes de&hellip; <a class=\"more-link\" href=\"https:\/\/hermath.be\/?page_id=40\">Continue reading <span class=\"screen-reader-text\">R\u00e9ception chaudi\u00e8re<\/span><\/a><\/p>\n","protected":false},"author":1,"featured_media":0,"parent":0,"menu_order":0,"comment_status":"closed","ping_status":"closed","template":"","meta":{"footnotes":""},"class_list":["post-40","page","type-page","status-publish","hentry","entry"],"_links":{"self":[{"href":"https:\/\/hermath.be\/index.php?rest_route=\/wp\/v2\/pages\/40","targetHints":{"allow":["GET"]}}],"collection":[{"href":"https:\/\/hermath.be\/index.php?rest_route=\/wp\/v2\/pages"}],"about":[{"href":"https:\/\/hermath.be\/index.php?rest_route=\/wp\/v2\/types\/page"}],"author":[{"embeddable":true,"href":"https:\/\/hermath.be\/index.php?rest_route=\/wp\/v2\/users\/1"}],"replies":[{"embeddable":true,"href":"https:\/\/hermath.be\/index.php?rest_route=%2Fwp%2Fv2%2Fcomments&post=40"}],"version-history":[{"count":5,"href":"https:\/\/hermath.be\/index.php?rest_route=\/wp\/v2\/pages\/40\/revisions"}],"predecessor-version":[{"id":79,"href":"https:\/\/hermath.be\/index.php?rest_route=\/wp\/v2\/pages\/40\/revisions\/79"}],"wp:attachment":[{"href":"https:\/\/hermath.be\/index.php?rest_route=%2Fwp%2Fv2%2Fmedia&parent=40"}],"curies":[{"name":"wp","href":"https:\/\/api.w.org\/{rel}","templated":true}]}}